{"id":642,"date":"2015-12-03T16:36:40","date_gmt":"2015-12-03T16:36:40","guid":{"rendered":"http:\/\/data.bluebird.themevillage.net\/?page_id=642"},"modified":"2016-08-26T15:22:14","modified_gmt":"2016-08-26T14:22:14","slug":"services","status":"publish","type":"page","link":"https:\/\/amaya.photos\/index.php\/services\/","title":{"rendered":"Services"},"content":{"rendered":"<div class=\"village-callout\"><\/p>\n<p>Que vous soyez en famille, en couple ou c\u00e9libataire, laissez vous tenter par une s\u00e9ance photo. Les photographies seront de magnifiques souvenirs d&#8217;un temps qui passe si vite. La prise de vue peut se d\u00e9rouler \u00e0 domicile ou en ext\u00e9rieur dans un lieu que vous appr\u00e9ciez<\/p>\n<p><\/div>\n<p>&nbsp;<\/p>\n<p><img loading=\"lazy\" decoding=\"async\" class=\"alignleft wp-image-35\" src=\"http:\/\/amayab.com\/wp-content\/uploads\/2016\/08\/Photo_bebe-10-1024x683.jpg\" alt=\"Photo_bebe-10\" width=\"900\" height=\"600\" srcset=\"https:\/\/amaya.photos\/wp-content\/uploads\/2016\/08\/Photo_bebe-10.jpg 1024w, https:\/\/amaya.photos\/wp-content\/uploads\/2016\/08\/Photo_bebe-10-300x200.jpg 300w, https:\/\/amaya.photos\/wp-content\/uploads\/2016\/08\/Photo_bebe-10-768x512.jpg 768w, https:\/\/amaya.photos\/wp-content\/uploads\/2016\/08\/Photo_bebe-10-470x313.jpg 470w, https:\/\/amaya.photos\/wp-content\/uploads\/2016\/08\/Photo_bebe-10-640x427.jpg 640w, https:\/\/amaya.photos\/wp-content\/uploads\/2016\/08\/Photo_bebe-10-870x580.jpg 870w\" sizes=\"auto, (max-width: 900px) 100vw, 900px\" \/><\/p>\n<h2>COMMENT SE D\u00c9ROULE UNE S\u00c9ANCE PHOTO NOUVEAU NE?<\/h2>\n<p style=\"text-align: left;\">Il n&#8217;est pas \u00e9vident de sortir avec un\u00a0nouveau n\u00e9, je me d\u00e9place donc chez vous, j&#8217;emm\u00e8ne mon mat\u00e9riel, des accessoires, \u00a0l&#8217;id\u00e9al est de s&#8217;installer pr\u00e8s d&#8217;une baie vitr\u00e9e ou d&#8217;une fen\u00eatre pour avoir une lumi\u00e8re naturelle.<\/p>\n<p style=\"text-align: left;\">La\u00a0dur\u00e9e de la s\u00e9ance est variable suivant l&#8217;humeur de b\u00e9b\u00e9, le changement de couche, l&#8217;allaitement, les biberons. L&#8217;id\u00e9al est de faire la s\u00e9ance dans les 15 premiers jours car le b\u00e9b\u00e9 dort encore beaucoup<\/p>\n<p><a href=\"\/index.php\/contact\/\" target=\"_self\"class=\"village-button normal\" >Book a Session<\/a><\/p>\n<p>&nbsp;<\/p>\n<p>&nbsp;<\/p>\n<p>&nbsp;<\/p>\n<p>&nbsp;<\/p>\n<p>&nbsp;<\/p>\n<hr \/>\n<p>&nbsp;<\/p>\n<h2>COMMENT SE D\u00c9ROULE UNE S\u00c9ANCE PHOTO ENFANT, FAMILLE?<\/h2>\n<p><img loading=\"lazy\" decoding=\"async\" class=\"wp-image-758 alignright\" src=\"http:\/\/amayab.com\/wp-content\/uploads\/2016\/08\/59A8841-1024x683.jpg\" alt=\"_59A8841\" width=\"900\" height=\"600\" srcset=\"https:\/\/amaya.photos\/wp-content\/uploads\/2016\/08\/59A8841-1024x683.jpg 1024w, https:\/\/amaya.photos\/wp-content\/uploads\/2016\/08\/59A8841-300x200.jpg 300w, https:\/\/amaya.photos\/wp-content\/uploads\/2016\/08\/59A8841-768x512.jpg 768w, https:\/\/amaya.photos\/wp-content\/uploads\/2016\/08\/59A8841-470x313.jpg 470w, https:\/\/amaya.photos\/wp-content\/uploads\/2016\/08\/59A8841-1120x746.jpg 1120w, https:\/\/amaya.photos\/wp-content\/uploads\/2016\/08\/59A8841-640x427.jpg 640w, https:\/\/amaya.photos\/wp-content\/uploads\/2016\/08\/59A8841-870x580.jpg 870w, https:\/\/amaya.photos\/wp-content\/uploads\/2016\/08\/59A8841-1500x1000.jpg 1500w, https:\/\/amaya.photos\/wp-content\/uploads\/2016\/08\/59A8841.jpg 2048w\" sizes=\"auto, (max-width: 900px) 100vw, 900px\" \/><\/p>\n<p style=\"text-align: right;\">La beaut\u00e9 d&#8217;un enfant c&#8217;est son naturel, c&#8217;est pourquoi, je reste discr\u00e8te et \u00a0je photographie votre enfant quand il est en train de s\u2019amuser, de faire ses d\u00e9couvertes, ou de jouer avec vous.\u00a0Ici, pas de poses fig\u00e9es, les photographies r\u00e9alis\u00e9es sont naturelles et vivantes. \u00a0Je vous expliquerai quels sont les meilleurs v\u00eatements \u00e0 porter pour avoir le meilleur r\u00e9sultat possible.<\/p>\n<p style=\"text-align: right;\"><a href=\"\/index.php\/contact\/\" target=\"_self\"class=\"village-button normal\" >Book a Session<\/a><\/p>\n<p>&nbsp;<\/p>\n<p>&nbsp;<\/p>\n<p>&nbsp;<\/p>\n<p>&nbsp;<\/p>\n<p>&nbsp;<\/p>\n<p>&nbsp;<\/p>\n<hr \/>\n<h3 style=\"text-align: center;\">Tarifs<\/h3>\n<div class=\"village-grid\">\n<div class=\"village-column column-size-1\">\n<div class=\"village-pricing\">\n<h2 class=\"village-pricing__title\">Nouveau n\u00e9<\/h2>\n<h3 class=\"village-pricing__price\">150\u20ac<\/h3>\n<div class=\"village-pricing__content\">\n<ul>\n<li class=\"village-pricing__item\">1-2 h de shooting<\/li>\n<li class=\"village-pricing__item\">D\u00e9placement chez vous<\/li>\n<li class=\"village-pricing__item\">20\u00a0images<\/li>\n<li class=\"village-pricing__item\">Galerie priv\u00e9e sur mon site<\/li>\n<li class=\"village-pricing__item\">Envoie des photos en 2 formats (pour internet et pour impression)<\/li>\n<\/ul>\n<\/div>\n<p style=\"text-align: center;\"><a href=\"\/index.php\/contact\/\" target=\"_self\"class=\"village-button normal\" > Book A Session <\/a><\/p>\n<\/div>\n<\/div>\n<div class=\"village-column column-size-1\">\n<div class=\"village-pricing\">\n<h2 class=\"village-pricing__title\"> Portrait<\/h2>\n<h3 class=\"village-pricing__price\">150\u20ac<\/h3>\n<div class=\"village-pricing__content\">\n<ul>\n<li class=\"village-pricing__item\">1-2 h de shooting<\/li>\n<li class=\"village-pricing__item\">D\u00e9placement au lieu pr\u00e9alablement choisi<\/li>\n<li class=\"village-pricing__item\">20\u00a0images<\/li>\n<li class=\"village-pricing__item\">Galerie priv\u00e9e sur mon site<\/li>\n<li class=\"village-pricing__item\">Envoie des photos en 2 formats (pour internet et pour impression)<\/li>\n<\/ul>\n<\/div>\n<p style=\"text-align: center;\"><a href=\"\/index.php\/contact\/\" target=\"_self\"class=\"village-button normal\" >Book A Session<\/a><\/p>\n<p>&nbsp;<\/p>\n<\/div>\n<\/div>\n<\/div>\n<h3 style=\"text-align: center;\">Questions fr\u00e9quentes<\/h3>\n<hr \/>\n<h2>Questions frequentes<\/h2>\n<div class=\"modern-columns two\">\n<h5>Que devrais-je porter?<\/h5>\n<p>C&#8217;est une question assez complexe, cela d\u00e9pendra aussi du lieu choisi pour le shooting. s&#8217;il est tr\u00e8s color\u00e9, il faudra des tenues assez sobres. Le plus important restera pour une famille, d&#8217;adopter le meme style (par exemple jean chemise blanche pour\u00a0les hommes, tenue blanche pour les femmes). Pour en savoir plus, je vous invite \u00e0 lire<a href=\"http:\/\/www.helenedouchet.com\/contenu\/2010\/03\/comment-s-habiller-pour-une-seance-photo\/\"> cet article<\/a><\/p>\n<h5>S&#8217;il pleut?<\/h5>\n<p>Question assez courante surtout en Belgique. Suivant les dates, on peut essayer de reporter la s\u00e9ance ou pr\u00e9voir un lieu abrit\u00e9.<\/p>\n<\/div>\n<div class=\"modern-columns two\">\n<h5>Le cout du trajet?<\/h5>\n<p>Les s\u00e9ances dans un rayon de 35 km autour de chez moi (Silly) sont compris dans le tarif de base. Pour des trajets plus lointains, un petit suppl\u00e9ment sera demand\u00e9.<\/p>\n<h5>Mon enfant est malade le jour du shooting<\/h5>\n<p>La veille d&#8217;un shooting je vous contacte pour savoir si tout est toujours ok. Si vous voyez que vous allez avoir un emp\u00eachement, me pr\u00e9venir le plus t\u00f4t possible.<\/p>\n<\/div>\n<div class=\"modern-columns two\">\n<h5>Pourquoi ne pas afficher les tarifs mariage?<\/h5>\n<p>Tout mariage est unique, je pr\u00e9f\u00e8re discuter avec vous pour vous proposer une formule personnalis\u00e9e, adapt\u00e9e \u00e0 votre budget et \u00e0 vos envies. Le contact est un facteur d\u00e9terminant dans le choix du photographe qui vous accompagnera tout au long de cette journ\u00e9e. Pour avoir un ordre de prix, il faut compter 150\u20ac de l&#8217;heure.<\/p>\n<h5>Comment r\u00e9server?<\/h5>\n<p>Pour toute r\u00e9servation, me contacter par mail ou t\u00e9l\u00e9phone pour qu&#8217;on discute de votre projet et\u00a0pour\u00a0choisir une date. La r\u00e9servation ne sera effective qu&#8217;apr\u00e8s\u00a0le versement d&#8217;un acompte.<\/p>\n<\/div>\n","protected":false},"excerpt":{"rendered":"<p>&nbsp; COMMENT SE D\u00c9ROULE UNE S\u00c9ANCE PHOTO NOUVEAU NE? Il n&#8217;est pas \u00e9vident de sortir avec un\u00a0nouveau n\u00e9, je me d\u00e9place donc chez vous, j&#8217;emm\u00e8ne mon mat\u00e9riel, des accessoires, \u00a0l&#8217;id\u00e9al est de s&#8217;installer pr\u00e8s d&#8217;une baie vitr\u00e9e ou d&#8217;une fen\u00eatre pour avoir une lumi\u00e8re naturelle. La\u00a0dur\u00e9e de la s\u00e9ance est variable suivant l&#8217;humeur de b\u00e9b\u00e9, le changement de couche, l&#8217;allaitement,&#8230;<\/p>\n","protected":false},"author":3,"featured_media":0,"parent":0,"menu_order":0,"comment_status":"closed","ping_status":"closed","template":"","meta":{"_exactmetrics_skip_tracking":false,"_exactmetrics_sitenote_active":false,"_exactmetrics_sitenote_note":"","_exactmetrics_sitenote_category":0,"footnotes":""},"class_list":["post-642","page","type-page","status-publish","hentry"],"_links":{"self":[{"href":"https:\/\/amaya.photos\/index.php\/wp-json\/wp\/v2\/pages\/642","targetHints":{"allow":["GET"]}}],"collection":[{"href":"https:\/\/amaya.photos\/index.php\/wp-json\/wp\/v2\/pages"}],"about":[{"href":"https:\/\/amaya.photos\/index.php\/wp-json\/wp\/v2\/types\/page"}],"author":[{"embeddable":true,"href":"https:\/\/amaya.photos\/index.php\/wp-json\/wp\/v2\/users\/3"}],"replies":[{"embeddable":true,"href":"https:\/\/amaya.photos\/index.php\/wp-json\/wp\/v2\/comments?post=642"}],"version-history":[{"count":34,"href":"https:\/\/amaya.photos\/index.php\/wp-json\/wp\/v2\/pages\/642\/revisions"}],"predecessor-version":[{"id":1019,"href":"https:\/\/amaya.photos\/index.php\/wp-json\/wp\/v2\/pages\/642\/revisions\/1019"}],"wp:attachment":[{"href":"https:\/\/amaya.photos\/index.php\/wp-json\/wp\/v2\/media?parent=642"}],"curies":[{"name":"wp","href":"https:\/\/api.w.org\/{rel}","templated":true}]}}